{"id":976,"date":"2021-11-06T17:02:25","date_gmt":"2021-11-06T16:02:25","guid":{"rendered":"https:\/\/www.canaille.eu\/shop\/?post_type=product&#038;p=976"},"modified":"2022-11-08T10:17:11","modified_gmt":"2022-11-08T09:17:11","slug":"infusion-petillante-de-feuille-de-basilic-symples-33-cl","status":"publish","type":"product","link":"https:\/\/www.canaille.eu\/shop\/product\/infusion-petillante-de-feuille-de-basilic-symples-33-cl\/","title":{"rendered":"Infusion p\u00e9tillante de feuille de Basilic &#8211; Symples &#8211; 33 cl."},"content":{"rendered":"<div class=\"elementor-element elementor-element-7098308 elementor-widget elementor-widget-heading animated fadeIn\" data-id=\"7098308\" data-element_type=\"widget\" data-settings=\"{&quot;_animation&quot;:&quot;fadeIn&quot;}\" data-widget_type=\"heading.default\">\n<div class=\"elementor-widget-container\">\n<div data-v-8e4e6188=\"\">\n<p>L&#8217;infusion p\u00e9tillante de Basilic saura vous surprendre par ses notes aromatiques originales et l\u00e9g\u00e8rement poivr\u00e9es rappelant les \u00e9pices.<\/p>\n<\/div>\n<ul>\n<li><strong>Certifi\u00e9 Bio<\/strong><\/li>\n<li><strong>Faible en calories\u00a0et en sucres<\/strong><\/li>\n<li><strong>Naturelle (sans conservateurs ni ar\u00f4mes)<\/strong><\/li>\n<li><strong>Fabrication artisanale en France<\/strong><\/li>\n<li><strong>Bouteille en verre recyclable<\/strong>\n<div id=\"shopify-section-product-template\" class=\"shopify-section shopify-section--bordered\">\n<div id=\"looxReviews\" class=\"loox-reviews-default\" data-product-id=\"6119635157175\">\n<div id=\"shopify-section-product-template\" class=\"shopify-section shopify-section--bordered\"><\/div>\n<\/div>\n<\/div>\n<p>Liste exhaustive des ingr\u00e9dients<\/p>\n<div id=\"shopify-section-product-template\" class=\"shopify-section shopify-section--bordered\">\n<section class=\"Product Product--large\" data-section-id=\"product-template\" data-section-type=\"product\" data-section-settings=\"{ &quot;enableHistoryState&quot;: true, &quot;templateSuffix&quot;: &quot;&quot;, &quot;showInventoryQuantity&quot;: false, &quot;showSku&quot;: false, &quot;stackProductImages&quot;: true, &quot;showThumbnails&quot;: true, &quot;enableVideoLooping&quot;: false, &quot;inventoryQuantityThreshold&quot;: 3, &quot;showPriceInButton&quot;: false, &quot;enableImageZoom&quot;: true, &quot;showPaymentButton&quot;: true, &quot;useAjaxCart&quot;: true }\">\n<div class=\"Product__Wrapper\">\n<div class=\"Product__InfoWrapper\">\n<div class=\"Product__Info \">\n<div class=\"Container\">\n<div class=\"ProductMeta__Description\">\n<div class=\"Rte\"><\/div>\n<\/div>\n<\/div>\n<\/div>\n<\/div>\n<\/div>\n<div class=\"Product__OffScreen\"><em>Infusion de Basilic fran\u00e7ais bio (eau, basilic), sucre issu de fruit, jus de citron. Tous les ingr\u00e9dients sont issus de l&#8217;agriculture biologique.\u00a0<\/em><\/div>\n<\/section>\n<\/div>\n<\/li>\n<\/ul>\n<\/div>\n<\/div>\n","protected":false},"excerpt":{"rendered":"<div class=\"elementor-element elementor-element-7098308 elementor-widget elementor-widget-heading animated fadeIn\" data-id=\"7098308\" data-element_type=\"widget\" data-settings=\"{&quot;_animation&quot;:&quot;fadeIn&quot;}\" data-widget_type=\"heading.default\">\n<div class=\"elementor-widget-container\">\n<div class=\"elementor-element elementor-element-7098308 elementor-widget elementor-widget-heading animated fadeIn\" data-id=\"7098308\" data-element_type=\"widget\" data-settings=\"{&quot;_animation&quot;:&quot;fadeIn&quot;}\" data-widget_type=\"heading.default\">\n<div class=\"elementor-widget-container\">\n<div class=\"elementor-element elementor-element-7098308 elementor-widget elementor-widget-heading animated fadeIn\" data-id=\"7098308\" data-element_type=\"widget\" data-settings=\"{&quot;_animation&quot;:&quot;fadeIn&quot;}\" data-widget_type=\"heading.default\">\n<div class=\"elementor-widget-container\">\n<div class=\"elementor-element elementor-element-7098308 elementor-widget elementor-widget-heading animated fadeIn\" data-id=\"7098308\" data-element_type=\"widget\" data-settings=\"{&quot;_animation&quot;:&quot;fadeIn&quot;}\" data-widget_type=\"heading.default\">\n<div class=\"elementor-widget-container\">\n<div data-v-8e4e6188=\"\">\n<div data-v-8e4e6188=\"\">\n<div class=\"elementor-element elementor-element-7098308 elementor-widget elementor-widget-heading animated fadeIn\" data-id=\"7098308\" data-element_type=\"widget\" data-settings=\"{&quot;_animation&quot;:&quot;fadeIn&quot;}\" data-widget_type=\"heading.default\">\n<div class=\"elementor-widget-container\">\n<div data-v-8e4e6188=\"\">\n<div data-v-8e4e6188=\"\">\n<p>L&#8217;infusion p\u00e9tillante de Basilic saura vous surprendre par ses notes aromatiques originales et l\u00e9g\u00e8rement poivr\u00e9es rappelant les \u00e9pices.<\/p>\n<\/div>\n<ul>\n<li><strong>Certifi\u00e9 Bio<\/strong><\/li>\n<li><strong>Faible en calories\u00a0et en sucres<\/strong><\/li>\n<li><strong>Naturelle (sans conservateurs ni ar\u00f4mes)<\/strong><\/li>\n<li><strong>Fabrication artisanale en France<\/strong><\/li>\n<li><strong>Bouteille en verre recyclable<\/strong>\n<div id=\"shopify-section-product-template\" class=\"shopify-section shopify-section--bordered\">\n<div id=\"looxReviews\" class=\"loox-reviews-default\" data-product-id=\"6119635157175\">\n<div id=\"shopify-section-product-template\" class=\"shopify-section shopify-section--bordered\"><\/div>\n<\/div>\n<\/div>\n<p>Liste exhaustive des ingr\u00e9dients<\/p>\n<div id=\"shopify-section-product-template\" class=\"shopify-section shopify-section--bordered\">\n<section class=\"Product Product--large\" data-section-id=\"product-template\" data-section-type=\"product\" data-section-settings=\"{ &quot;enableHistoryState&quot;: true, &quot;templateSuffix&quot;: &quot;&quot;, &quot;showInventoryQuantity&quot;: false, &quot;showSku&quot;: false, &quot;stackProductImages&quot;: true, &quot;showThumbnails&quot;: true, &quot;enableVideoLooping&quot;: false, &quot;inventoryQuantityThreshold&quot;: 3, &quot;showPriceInButton&quot;: false, &quot;enableImageZoom&quot;: true, &quot;showPaymentButton&quot;: true, &quot;useAjaxCart&quot;: true }\">\n<div class=\"Product__Wrapper\">\n<div class=\"Product__InfoWrapper\">\n<div class=\"Product__Info \">\n<div class=\"Container\">\n<div class=\"ProductMeta__Description\">\n<div class=\"Rte\"><\/div>\n<\/div>\n<\/div>\n<\/div>\n<\/div>\n<\/div>\n<div class=\"Product__OffScreen\"><em>Infusion de Basilic fran\u00e7ais bio (eau, basilic), sucre issu de fruit, jus de citron. Tous les ingr\u00e9dients sont issus de l&#8217;agriculture biologique.\u00a0<\/em><\/div>\n<\/section>\n<\/div>\n<\/li>\n<\/ul>\n<\/div>\n<\/div>\n<\/div>\n<\/div>\n<\/div>\n<\/div>\n<\/div>\n<\/div>\n<\/div>\n<\/div>\n<\/div>\n<\/div>\n<\/div>\n","protected":false},"featured_media":963,"template":"","meta":{"_seopress_robots_primary_cat":"none","spay_email":""},"product_cat":[24,16],"product_tag":[],"_links":{"self":[{"href":"https:\/\/www.canaille.eu\/shop\/wp-json\/wp\/v2\/product\/976"}],"collection":[{"href":"https:\/\/www.canaille.eu\/shop\/wp-json\/wp\/v2\/product"}],"about":[{"href":"https:\/\/www.canaille.eu\/shop\/wp-json\/wp\/v2\/types\/product"}],"wp:featuredmedia":[{"embeddable":true,"href":"https:\/\/www.canaille.eu\/shop\/wp-json\/wp\/v2\/media\/963"}],"wp:attachment":[{"href":"https:\/\/www.canaille.eu\/shop\/wp-json\/wp\/v2\/media?parent=976"}],"wp:term":[{"taxonomy":"product_cat","embeddable":true,"href":"https:\/\/www.canaille.eu\/shop\/wp-json\/wp\/v2\/product_cat?post=976"},{"taxonomy":"product_tag","embeddable":true,"href":"https:\/\/www.canaille.eu\/shop\/wp-json\/wp\/v2\/product_tag?post=976"}],"curies":[{"name":"wp","href":"https:\/\/api.w.org\/{rel}","templated":true}]}}