{"id":974,"date":"2021-11-06T16:59:23","date_gmt":"2021-11-06T15:59:23","guid":{"rendered":"https:\/\/www.canaille.eu\/shop\/?post_type=product&#038;p=974"},"modified":"2022-11-08T10:17:21","modified_gmt":"2022-11-08T09:17:21","slug":"infusion-petillante-de-feuille-de-cassis-symples-33-cl","status":"publish","type":"product","link":"https:\/\/www.canaille.eu\/shop\/product\/infusion-petillante-de-feuille-de-cassis-symples-33-cl\/","title":{"rendered":"Infusion p\u00e9tillante de feuille de Cassis &#8211; Symples &#8211; 33 cl."},"content":{"rendered":"<div class=\"elementor-element elementor-element-7098308 elementor-widget elementor-widget-heading animated fadeIn\" data-id=\"7098308\" data-element_type=\"widget\" data-settings=\"{&quot;_animation&quot;:&quot;fadeIn&quot;}\" data-widget_type=\"heading.default\">\n<div class=\"elementor-widget-container\">\n<div data-v-8e4e6188=\"\">\n<p>L&#8217;infusion p\u00e9tillante de Feuille de cassis saura vous surprendre\u00a0gr\u00e2ce \u00e0 ses ar\u00f4mes subtils et ses puissantes notes fruit\u00e9es.<\/p>\n<\/div>\n<ul>\n<li><strong>Certifi\u00e9 Bio<\/strong><\/li>\n<li><strong>Faible en calories\u00a0et en sucres<\/strong><\/li>\n<li><strong>Naturelle (sans conservateurs ni ar\u00f4mes)<\/strong><\/li>\n<li><strong>Fabrication artisanale en France<\/strong><\/li>\n<li><strong>Bouteille en verre recyclable<\/strong>\n<div id=\"shopify-section-product-template\" class=\"shopify-section shopify-section--bordered\">\n<div id=\"looxReviews\" class=\"loox-reviews-default\" data-product-id=\"6119635157175\">\n<div id=\"shopify-section-product-template\" class=\"shopify-section shopify-section--bordered\"><\/div>\n<\/div>\n<\/div>\n<p>Liste exhaustive des ingr\u00e9dients<\/p>\n<p><em>Infusion de Feuille de cassis fran\u00e7ais bio (eau, feuille de cassis), sucre issu de fruit, jus de citron.\u00a0Tous les ingr\u00e9dients sont issus de l&#8217;agriculture biologique.\u00a0<\/em><\/li>\n<\/ul>\n<\/div>\n<\/div>\n","protected":false},"excerpt":{"rendered":"<div class=\"elementor-element elementor-element-7098308 elementor-widget elementor-widget-heading animated fadeIn\" data-id=\"7098308\" data-element_type=\"widget\" data-settings=\"{&quot;_animation&quot;:&quot;fadeIn&quot;}\" data-widget_type=\"heading.default\">\n<div class=\"elementor-widget-container\">\n<div class=\"elementor-element elementor-element-7098308 elementor-widget elementor-widget-heading animated fadeIn\" data-id=\"7098308\" data-element_type=\"widget\" data-settings=\"{&quot;_animation&quot;:&quot;fadeIn&quot;}\" data-widget_type=\"heading.default\">\n<div class=\"elementor-widget-container\">\n<div class=\"elementor-element elementor-element-7098308 elementor-widget elementor-widget-heading animated fadeIn\" data-id=\"7098308\" data-element_type=\"widget\" data-settings=\"{&quot;_animation&quot;:&quot;fadeIn&quot;}\" data-widget_type=\"heading.default\">\n<div class=\"elementor-widget-container\">\n<div class=\"elementor-element elementor-element-7098308 elementor-widget elementor-widget-heading animated fadeIn\" data-id=\"7098308\" data-element_type=\"widget\" data-settings=\"{&quot;_animation&quot;:&quot;fadeIn&quot;}\" data-widget_type=\"heading.default\">\n<div class=\"elementor-widget-container\">\n<div data-v-8e4e6188=\"\">\n<div data-v-8e4e6188=\"\">\n<div class=\"elementor-element elementor-element-7098308 elementor-widget elementor-widget-heading animated fadeIn\" data-id=\"7098308\" data-element_type=\"widget\" data-settings=\"{&quot;_animation&quot;:&quot;fadeIn&quot;}\" data-widget_type=\"heading.default\">\n<div class=\"elementor-widget-container\">\n<div data-v-8e4e6188=\"\">\n<p>L&#8217;infusion p\u00e9tillante de Feuille de cassis saura vous surprendre\u00a0gr\u00e2ce \u00e0 ses ar\u00f4mes subtils et ses puissantes notes fruit\u00e9es.<\/p>\n<\/div>\n<ul>\n<li><strong>Certifi\u00e9 Bio<\/strong><\/li>\n<li><strong>Faible en calories\u00a0et en sucres<\/strong><\/li>\n<li><strong>Naturelle (sans conservateurs ni ar\u00f4mes)<\/strong><\/li>\n<li><strong>Fabrication artisanale en France<\/strong><\/li>\n<li><strong>Bouteille en verre recyclable<\/strong>\n<div id=\"shopify-section-product-template\" class=\"shopify-section shopify-section--bordered\">\n<div id=\"looxReviews\" class=\"loox-reviews-default\" data-product-id=\"6119635157175\">\n<div id=\"shopify-section-product-template\" class=\"shopify-section shopify-section--bordered\"><\/div>\n<\/div>\n<\/div>\n<p>Liste exhaustive des ingr\u00e9dients<\/p>\n<p><em>Infusion de Feuille de cassis fran\u00e7ais bio (eau, feuille de cassis), sucre issu de fruit, jus de citron.\u00a0Tous les ingr\u00e9dients sont issus de l&#8217;agriculture biologique.\u00a0<\/em><\/li>\n<\/ul>\n<\/div>\n<\/div>\n<\/div>\n<\/div>\n<\/div>\n<\/div>\n<\/div>\n<\/div>\n<\/div>\n<\/div>\n<\/div>\n<\/div>\n","protected":false},"featured_media":961,"template":"","meta":{"_seopress_robots_primary_cat":"none","spay_email":""},"product_cat":[24,16],"product_tag":[],"_links":{"self":[{"href":"https:\/\/www.canaille.eu\/shop\/wp-json\/wp\/v2\/product\/974"}],"collection":[{"href":"https:\/\/www.canaille.eu\/shop\/wp-json\/wp\/v2\/product"}],"about":[{"href":"https:\/\/www.canaille.eu\/shop\/wp-json\/wp\/v2\/types\/product"}],"wp:featuredmedia":[{"embeddable":true,"href":"https:\/\/www.canaille.eu\/shop\/wp-json\/wp\/v2\/media\/961"}],"wp:attachment":[{"href":"https:\/\/www.canaille.eu\/shop\/wp-json\/wp\/v2\/media?parent=974"}],"wp:term":[{"taxonomy":"product_cat","embeddable":true,"href":"https:\/\/www.canaille.eu\/shop\/wp-json\/wp\/v2\/product_cat?post=974"},{"taxonomy":"product_tag","embeddable":true,"href":"https:\/\/www.canaille.eu\/shop\/wp-json\/wp\/v2\/product_tag?post=974"}],"curies":[{"name":"wp","href":"https:\/\/api.w.org\/{rel}","templated":true}]}}