{"id":972,"date":"2021-11-06T16:56:46","date_gmt":"2021-11-06T15:56:46","guid":{"rendered":"https:\/\/www.canaille.eu\/shop\/?post_type=product&#038;p=972"},"modified":"2022-11-08T10:17:33","modified_gmt":"2022-11-08T09:17:33","slug":"potion-hivernale-symples-33-cl","status":"publish","type":"product","link":"https:\/\/www.canaille.eu\/shop\/product\/potion-hivernale-symples-33-cl\/","title":{"rendered":"Potion Hivernale &#8211; Symples &#8211; 33 cl."},"content":{"rendered":"<div class=\"elementor-element elementor-element-7098308 elementor-widget elementor-widget-heading animated fadeIn\" data-id=\"7098308\" data-element_type=\"widget\" data-settings=\"{&quot;_animation&quot;:&quot;fadeIn&quot;}\" data-widget_type=\"heading.default\">\n<div class=\"elementor-widget-container\">\n<div data-v-8e4e6188=\"\">\n<p class=\"description__description\" data-v-8e4e6188=\"\">Pour cette \u00e9dition limit\u00e9e, nous proposons une infusion de menthe-bergamote &amp; feuille de framboisier, aux notes intenses et parfum\u00e9es rappelant le th\u00e9 &#8220;earl grey&#8221;, m\u00e9lang\u00e9 \u00e0 la rondeur des purs jus de pomme et de cassis ! L&#8217;id\u00e9e est de proposer une recette mijot\u00e9e pour l\u2019hiver, savoureuse et chaleureuse, tout en restant faible en sucres (&lt;4g\/100ml) !<\/p>\n<\/div>\n<ul>\n<li><strong>Certifi\u00e9 Bio<\/strong><\/li>\n<li><strong>Faible en calories\u00a0et en sucres<\/strong><\/li>\n<li><strong>Naturelle (sans conservateurs ni ar\u00f4mes)<\/strong><\/li>\n<li><strong>Fabrication artisanale en France<\/strong><\/li>\n<li><strong>Bouteille en verre\u00a0recyclable<\/strong>\n<div id=\"shopify-section-product-template\" class=\"shopify-section shopify-section--bordered\">\n<div id=\"looxReviews\" class=\"loox-reviews-default\" data-product-id=\"6119635157175\">\n<div id=\"shopify-section-product-template\" class=\"shopify-section shopify-section--bordered\"><\/div>\n<\/div>\n<\/div>\n<\/li>\n<\/ul>\n<\/div>\n<\/div>\n","protected":false},"excerpt":{"rendered":"<div class=\"elementor-element elementor-element-7098308 elementor-widget elementor-widget-heading animated fadeIn\" data-id=\"7098308\" data-element_type=\"widget\" data-settings=\"{&quot;_animation&quot;:&quot;fadeIn&quot;}\" data-widget_type=\"heading.default\">\n<div class=\"elementor-widget-container\">\n<div class=\"elementor-element elementor-element-7098308 elementor-widget elementor-widget-heading animated fadeIn\" data-id=\"7098308\" data-element_type=\"widget\" data-settings=\"{&quot;_animation&quot;:&quot;fadeIn&quot;}\" data-widget_type=\"heading.default\">\n<div class=\"elementor-widget-container\">\n<div class=\"elementor-element elementor-element-7098308 elementor-widget elementor-widget-heading animated fadeIn\" data-id=\"7098308\" data-element_type=\"widget\" data-settings=\"{&quot;_animation&quot;:&quot;fadeIn&quot;}\" data-widget_type=\"heading.default\">\n<div class=\"elementor-widget-container\">\n<div class=\"elementor-element elementor-element-7098308 elementor-widget elementor-widget-heading animated fadeIn\" data-id=\"7098308\" data-element_type=\"widget\" data-settings=\"{&quot;_animation&quot;:&quot;fadeIn&quot;}\" data-widget_type=\"heading.default\">\n<div class=\"elementor-widget-container\">\n<div data-v-8e4e6188=\"\">\n<p class=\"description__description\" data-v-8e4e6188=\"\">Pour cette \u00e9dition limit\u00e9e, nous proposons une infusion de menthe-bergamote &amp; feuille de framboisier, aux notes intenses et parfum\u00e9es rappelant le th\u00e9 &#8220;earl grey&#8221;, m\u00e9lang\u00e9 \u00e0 la rondeur des purs jus de pomme et de cassis ! L&#8217;id\u00e9e est de proposer une recette mijot\u00e9e pour l\u2019hiver, savoureuse et chaleureuse, tout en restant faible en sucres (&lt;4g\/100ml) !<\/p>\n<\/div>\n<ul>\n<li><strong>Certifi\u00e9 Bio<\/strong><\/li>\n<li><strong>Faible en calories\u00a0et en sucres<\/strong><\/li>\n<li><strong>Naturelle (sans conservateurs ni ar\u00f4mes)<\/strong><\/li>\n<li><strong>Fabrication artisanale en France<\/strong><\/li>\n<li><strong>Bouteille en verre\u00a0recyclable<\/strong><\/li>\n<\/ul>\n<\/div>\n<\/div>\n<\/div>\n<\/div>\n<\/div>\n<\/div>\n<\/div>\n<\/div>\n","protected":false},"featured_media":960,"template":"","meta":{"_seopress_robots_primary_cat":"none","spay_email":""},"product_cat":[24,16],"product_tag":[],"_links":{"self":[{"href":"https:\/\/www.canaille.eu\/shop\/wp-json\/wp\/v2\/product\/972"}],"collection":[{"href":"https:\/\/www.canaille.eu\/shop\/wp-json\/wp\/v2\/product"}],"about":[{"href":"https:\/\/www.canaille.eu\/shop\/wp-json\/wp\/v2\/types\/product"}],"wp:featuredmedia":[{"embeddable":true,"href":"https:\/\/www.canaille.eu\/shop\/wp-json\/wp\/v2\/media\/960"}],"wp:attachment":[{"href":"https:\/\/www.canaille.eu\/shop\/wp-json\/wp\/v2\/media?parent=972"}],"wp:term":[{"taxonomy":"product_cat","embeddable":true,"href":"https:\/\/www.canaille.eu\/shop\/wp-json\/wp\/v2\/product_cat?post=972"},{"taxonomy":"product_tag","embeddable":true,"href":"https:\/\/www.canaille.eu\/shop\/wp-json\/wp\/v2\/product_tag?post=972"}],"curies":[{"name":"wp","href":"https:\/\/api.w.org\/{rel}","templated":true}]}}