{"id":968,"date":"2021-11-06T16:48:16","date_gmt":"2021-11-06T15:48:16","guid":{"rendered":"https:\/\/www.canaille.eu\/shop\/?post_type=product&#038;p=968"},"modified":"2022-11-08T10:18:18","modified_gmt":"2022-11-08T09:18:18","slug":"potion-energisante-symples-33-cl","status":"publish","type":"product","link":"https:\/\/www.canaille.eu\/shop\/product\/potion-energisante-symples-33-cl\/","title":{"rendered":"Potion Energisante &#8211; Symples &#8211; 33 cl."},"content":{"rendered":"<div class=\"elementor-element elementor-element-7098308 elementor-widget elementor-widget-heading animated fadeIn\" data-id=\"7098308\" data-element_type=\"widget\" data-settings=\"{&quot;_animation&quot;:&quot;fadeIn&quot;}\" data-widget_type=\"heading.default\">\n<div class=\"elementor-widget-container\">\n<p>La potion e\u0301nergisante\u00a0vous apportera un coup de boost gra\u0302ce a\u0300 ses plantes toniques et \u00e0 sa caf\u00e9ine naturelle ! Ide\u0301al pour vos journe\u0301es charge\u0301es, et vos soire\u0301es prolonge\u0301es.<\/p>\n<ul>\n<li><strong>Certifi\u00e9 Bio<\/strong><\/li>\n<li><strong>Faible en calories\u00a0et en sucres<\/strong><\/li>\n<li><strong>Naturelle (sans conservateurs ni ar\u00f4mes)<\/strong><\/li>\n<li><strong>Fabrication artisanale en France<\/strong><\/li>\n<li><strong>Bouteille en verre\u00a0recyclable<\/strong><\/li>\n<\/ul>\n<ul>\n<li>Liste exhaustive des ingr\u00e9dients\n<div id=\"shopify-section-product-template\" class=\"shopify-section shopify-section--bordered\">\n<section class=\"Product Product--large\" data-section-id=\"product-template\" data-section-type=\"product\" data-section-settings=\"{ &quot;enableHistoryState&quot;: true, &quot;templateSuffix&quot;: &quot;&quot;, &quot;showInventoryQuantity&quot;: false, &quot;showSku&quot;: false, &quot;stackProductImages&quot;: true, &quot;showThumbnails&quot;: true, &quot;enableVideoLooping&quot;: false, &quot;inventoryQuantityThreshold&quot;: 3, &quot;showPriceInButton&quot;: false, &quot;enableImageZoom&quot;: true, &quot;showPaymentButton&quot;: true, &quot;useAjaxCart&quot;: true }\">\n<div class=\"Product__Wrapper\">\n<div class=\"Product__InfoWrapper\">\n<div class=\"Product__Info \">\n<div class=\"Container\">\n<div class=\"ProductMeta__Description\">\n<div class=\"Rte\"><\/div>\n<\/div>\n<\/div>\n<\/div>\n<\/div>\n<\/div>\n<div class=\"Product__OffScreen\"><\/div>\n<\/section>\n<div id=\"looxReviews\" class=\"loox-reviews-default\" data-product-id=\"6119635157175\"><em>Infusions de plantes fran\u00e7aises bio (eau gaz\u00e9ifi\u00e9e, romarin, menthe-poivr\u00e9e, thym), sucre issu de fruits, jus de citron, pur\u00e9e de mirabelle de Lorraine, jus d&#8217;argousier des Alpes, caf\u00e9ine naturelle (150mg\/L). Tous les ingr\u00e9dients sont issus de l&#8217;agriculture biologique.\u00a0<\/em><\/div>\n<\/div>\n<\/li>\n<\/ul>\n<\/div>\n<\/div>\n","protected":false},"excerpt":{"rendered":"<div class=\"elementor-element elementor-element-7098308 elementor-widget elementor-widget-heading animated fadeIn\" data-id=\"7098308\" data-element_type=\"widget\" data-settings=\"{&quot;_animation&quot;:&quot;fadeIn&quot;}\" data-widget_type=\"heading.default\">\n<div class=\"elementor-widget-container\">\n<div class=\"elementor-element elementor-element-7098308 elementor-widget elementor-widget-heading animated fadeIn\" data-id=\"7098308\" data-element_type=\"widget\" data-settings=\"{&quot;_animation&quot;:&quot;fadeIn&quot;}\" data-widget_type=\"heading.default\">\n<div class=\"elementor-widget-container\">\n<div class=\"elementor-element elementor-element-7098308 elementor-widget elementor-widget-heading animated fadeIn\" data-id=\"7098308\" data-element_type=\"widget\" data-settings=\"{&quot;_animation&quot;:&quot;fadeIn&quot;}\" data-widget_type=\"heading.default\">\n<div class=\"elementor-widget-container\">\n<div class=\"elementor-element elementor-element-7098308 elementor-widget elementor-widget-heading animated fadeIn\" data-id=\"7098308\" data-element_type=\"widget\" data-settings=\"{&quot;_animation&quot;:&quot;fadeIn&quot;}\" data-widget_type=\"heading.default\">\n<div class=\"elementor-widget-container\">\n<p>La potion e\u0301nergisante\u00a0vous apportera un coup de boost gra\u0302ce a\u0300 ses plantes toniques et \u00e0 sa caf\u00e9ine naturelle ! Ide\u0301al pour vos journe\u0301es charge\u0301es, et vos soire\u0301es prolonge\u0301es.<\/p>\n<ul>\n<li><strong>Certifi\u00e9 Bio<\/strong><\/li>\n<li><strong>Faible en calories\u00a0et en sucres<\/strong><\/li>\n<li><strong>Naturelle (sans conservateurs ni ar\u00f4mes)<\/strong><\/li>\n<li><strong>Fabrication artisanale en France<\/strong><\/li>\n<li><strong>Bouteille en verre\u00a0recyclable<\/strong><\/li>\n<\/ul>\n<ul>\n<li>Liste exhaustive des ingr\u00e9dients\n<div id=\"shopify-section-product-template\" class=\"shopify-section shopify-section--bordered\">\n<section class=\"Product Product--large\" data-section-id=\"product-template\" data-section-type=\"product\" data-section-settings=\"{ &quot;enableHistoryState&quot;: true, &quot;templateSuffix&quot;: &quot;&quot;, &quot;showInventoryQuantity&quot;: false, &quot;showSku&quot;: false, &quot;stackProductImages&quot;: true, &quot;showThumbnails&quot;: true, &quot;enableVideoLooping&quot;: false, &quot;inventoryQuantityThreshold&quot;: 3, &quot;showPriceInButton&quot;: false, &quot;enableImageZoom&quot;: true, &quot;showPaymentButton&quot;: true, &quot;useAjaxCart&quot;: true }\">\n<div class=\"Product__Wrapper\">\n<div class=\"Product__InfoWrapper\">\n<div class=\"Product__Info \">\n<div class=\"Container\">\n<div class=\"ProductMeta__Description\">\n<div class=\"Rte\"><\/div>\n<\/div>\n<\/div>\n<\/div>\n<\/div>\n<\/div>\n<div class=\"Product__OffScreen\"><\/div>\n<\/section>\n<div id=\"looxReviews\" class=\"loox-reviews-default\" data-product-id=\"6119635157175\"><em>Infusions de plantes fran\u00e7aises bio (eau gaz\u00e9ifi\u00e9e, romarin, menthe-poivr\u00e9e, thym), sucre issu de fruits, jus de citron, pur\u00e9e de mirabelle de Lorraine, jus d&#8217;argousier des Alpes, caf\u00e9ine naturelle (150mg\/L). Tous les ingr\u00e9dients sont issus de l&#8217;agriculture biologique.\u00a0<\/em><\/div>\n<\/div>\n<\/li>\n<\/ul>\n<\/div>\n<\/div>\n<\/div>\n<\/div>\n<\/div>\n<\/div>\n<\/div>\n<\/div>\n","protected":false},"featured_media":964,"template":"","meta":{"_seopress_robots_primary_cat":"none","spay_email":""},"product_cat":[24,16],"product_tag":[],"_links":{"self":[{"href":"https:\/\/www.canaille.eu\/shop\/wp-json\/wp\/v2\/product\/968"}],"collection":[{"href":"https:\/\/www.canaille.eu\/shop\/wp-json\/wp\/v2\/product"}],"about":[{"href":"https:\/\/www.canaille.eu\/shop\/wp-json\/wp\/v2\/types\/product"}],"wp:featuredmedia":[{"embeddable":true,"href":"https:\/\/www.canaille.eu\/shop\/wp-json\/wp\/v2\/media\/964"}],"wp:attachment":[{"href":"https:\/\/www.canaille.eu\/shop\/wp-json\/wp\/v2\/media?parent=968"}],"wp:term":[{"taxonomy":"product_cat","embeddable":true,"href":"https:\/\/www.canaille.eu\/shop\/wp-json\/wp\/v2\/product_cat?post=968"},{"taxonomy":"product_tag","embeddable":true,"href":"https:\/\/www.canaille.eu\/shop\/wp-json\/wp\/v2\/product_tag?post=968"}],"curies":[{"name":"wp","href":"https:\/\/api.w.org\/{rel}","templated":true}]}}