{"id":958,"date":"2021-11-06T16:17:04","date_gmt":"2021-11-06T15:17:04","guid":{"rendered":"https:\/\/www.canaille.eu\/shop\/?post_type=product&#038;p=958"},"modified":"2022-10-22T09:16:10","modified_gmt":"2022-10-22T07:16:10","slug":"le-schorle-citron-fringant-33-cl","status":"publish","type":"product","link":"https:\/\/www.canaille.eu\/shop\/product\/le-schorle-citron-fringant-33-cl\/","title":{"rendered":"Le Schorle &#8211; Citron Fringant &#8211; 33 cl."},"content":{"rendered":"<div class=\"elementor-element elementor-element-7098308 elementor-widget elementor-widget-heading animated fadeIn\" data-id=\"7098308\" data-element_type=\"widget\" data-settings=\"{&quot;_animation&quot;:&quot;fadeIn&quot;}\" data-widget_type=\"heading.default\">\n<div class=\"elementor-widget-container\">\n<h2 class=\"elementor-heading-title elementor-size-default\">Le Schorle des Filles de L\u2019Ouest<\/h2>\n<\/div>\n<\/div>\n<div class=\"elementor-element elementor-element-86c57bb elementor-widget elementor-widget-image\" data-id=\"86c57bb\" data-element_type=\"widget\" data-widget_type=\"image.default\">\n<div class=\"elementor-widget-container\">\n<div class=\"elementor-image\">Un m\u00e9lange subtil et gourmand de fruits et d\u2019eau\u00a0 \u00a0l\u00e9g\u00e8rement p\u00e9tillante ! Des boissons sans alcool, 100% naturel, sans ar\u00f4mes ni conservateurs. Chez les Filles de L\u2019Ouest, les fruits sont m\u00e9ticuleusement s\u00e9lectionn\u00e9s, on privil\u00e9gie les m\u00e9thodes de production artisanale et les fili\u00e8res courtes et bio.<\/div>\n<\/div>\n<\/div>\n<div class=\"elementor-element elementor-element-15eb265 elementor-widget elementor-widget-heading animated fadeIn\" data-id=\"15eb265\" data-element_type=\"widget\" data-settings=\"{&quot;_animation&quot;:&quot;fadeIn&quot;}\" data-widget_type=\"heading.default\">\n<div class=\"elementor-widget-container\"><\/div>\n<\/div>\n<div class=\"elementor-element elementor-element-7aa11fc elementor-widget__width-initial elementor-widget-tablet__width-initial elementor-widget-mobile__width-initial elementor-widget elementor-widget-image\" data-id=\"7aa11fc\" data-element_type=\"widget\" data-settings=\"{&quot;_animation&quot;:&quot;none&quot;}\" data-widget_type=\"image.default\">\n<div class=\"elementor-widget-container\">\n<div class=\"elementor-image\"><\/div>\n<\/div>\n<\/div>\n<div class=\"elementor-element elementor-element-d0d75b7 elementor-widget__width-initial elementor-widget-tablet__width-initial elementor-widget-mobile__width-initial elementor-widget elementor-widget-text-editor\" data-id=\"d0d75b7\" data-element_type=\"widget\" data-settings=\"{&quot;_animation&quot;:&quot;none&quot;}\" data-widget_type=\"text-editor.default\">\n<div class=\"elementor-widget-container\">\n<div class=\"elementor-text-editor elementor-clearfix\">\n<div class=\"elementor-element elementor-element-c48580a elementor-widget__width-initial elementor-widget-tablet__width-initial elementor-widget-mobile__width-initial elementor-widget elementor-widget-text-editor\" data-id=\"c48580a\" data-element_type=\"widget\" data-settings=\"{&quot;_animation&quot;:&quot;none&quot;}\" data-widget_type=\"text-editor.default\">\n<div class=\"elementor-widget-container\">\n<div class=\"elementor-text-editor elementor-clearfix\">\n<p><strong>Le\u00a0Schorle\u00a0<\/strong>citron est l\u2019accord parfait du citron jaune sicilien et du citron vert br\u00e9silien relev\u00e9 d\u2019une pointe de gingembre et l\u00e9g\u00e8rement adouci avec du sucre naturel de raisin !\u00a0<b>Le Citron Fringant\u00a0<\/b>vous s\u00e9duira par sa fraicheur et son \u00e9l\u00e9gance en bouche. Chaque ingr\u00e9dient a \u00e9t\u00e9 dos\u00e9 avec la plus grande finesse et attention.<\/p>\n<\/div>\n<\/div>\n<\/div>\n<\/div>\n<\/div>\n<\/div>\n<div class=\"elementor-element elementor-element-7098308 elementor-widget elementor-widget-heading animated fadeIn\" data-id=\"7098308\" data-element_type=\"widget\" data-settings=\"{&quot;_animation&quot;:&quot;fadeIn&quot;}\" data-widget_type=\"heading.default\">\n<div class=\"elementor-widget-container\"><\/div>\n<\/div>\n<p>&nbsp;<\/p>\n","protected":false},"excerpt":{"rendered":"<div class=\"elementor-element elementor-element-7098308 elementor-widget elementor-widget-heading animated fadeIn\" data-id=\"7098308\" data-element_type=\"widget\" data-settings=\"{&quot;_animation&quot;:&quot;fadeIn&quot;}\" data-widget_type=\"heading.default\">\n<div class=\"elementor-widget-container\">\n<div class=\"elementor-element elementor-element-7098308 elementor-widget elementor-widget-heading animated fadeIn\" data-id=\"7098308\" data-element_type=\"widget\" data-settings=\"{&quot;_animation&quot;:&quot;fadeIn&quot;}\" data-widget_type=\"heading.default\">\n<div class=\"elementor-widget-container\">\n<div class=\"elementor-element elementor-element-7098308 elementor-widget elementor-widget-heading animated fadeIn\" data-id=\"7098308\" data-element_type=\"widget\" data-settings=\"{&quot;_animation&quot;:&quot;fadeIn&quot;}\" data-widget_type=\"heading.default\">\n<div class=\"elementor-widget-container\">\n<div class=\"elementor-element elementor-element-7098308 elementor-widget elementor-widget-heading animated fadeIn\" data-id=\"7098308\" data-element_type=\"widget\" data-settings=\"{&quot;_animation&quot;:&quot;fadeIn&quot;}\" data-widget_type=\"heading.default\">\n<div class=\"elementor-widget-container\">\n<h2 class=\"elementor-heading-title elementor-size-default\">Le Schorle des Filles de L\u2019Ouest<\/h2>\n<\/div>\n<\/div>\n<div class=\"elementor-element elementor-element-86c57bb elementor-widget elementor-widget-image\" data-id=\"86c57bb\" data-element_type=\"widget\" data-widget_type=\"image.default\">\n<div class=\"elementor-widget-container\">\n<div class=\"elementor-image\">Un m\u00e9lange subtil et gourmand de fruits et d\u2019eau\u00a0 \u00a0l\u00e9g\u00e8rement p\u00e9tillante ! Des boissons sans alcool, 100% naturel, sans ar\u00f4mes ni conservateurs. Chez les Filles de L\u2019Ouest, les fruits sont m\u00e9ticuleusement s\u00e9lectionn\u00e9s, on privil\u00e9gie les m\u00e9thodes de production artisanale et les fili\u00e8res courtes et bio.<\/div>\n<\/div>\n<\/div>\n<div class=\"elementor-element elementor-element-15eb265 elementor-widget elementor-widget-heading animated fadeIn\" data-id=\"15eb265\" data-element_type=\"widget\" data-settings=\"{&quot;_animation&quot;:&quot;fadeIn&quot;}\" data-widget_type=\"heading.default\">\n<div class=\"elementor-widget-container\"><\/div>\n<\/div>\n<div class=\"elementor-element elementor-element-7aa11fc elementor-widget__width-initial elementor-widget-tablet__width-initial elementor-widget-mobile__width-initial elementor-widget elementor-widget-image\" data-id=\"7aa11fc\" data-element_type=\"widget\" data-settings=\"{&quot;_animation&quot;:&quot;none&quot;}\" data-widget_type=\"image.default\">\n<div class=\"elementor-widget-container\">\n<div class=\"elementor-image\"><\/div>\n<\/div>\n<\/div>\n<div class=\"elementor-element elementor-element-d0d75b7 elementor-widget__width-initial elementor-widget-tablet__width-initial elementor-widget-mobile__width-initial elementor-widget elementor-widget-text-editor\" data-id=\"d0d75b7\" data-element_type=\"widget\" data-settings=\"{&quot;_animation&quot;:&quot;none&quot;}\" data-widget_type=\"text-editor.default\">\n<div class=\"elementor-widget-container\">\n<div class=\"elementor-text-editor elementor-clearfix\">\n<div class=\"elementor-element elementor-element-c48580a elementor-widget__width-initial elementor-widget-tablet__width-initial elementor-widget-mobile__width-initial elementor-widget elementor-widget-text-editor\" data-id=\"c48580a\" data-element_type=\"widget\" data-settings=\"{&quot;_animation&quot;:&quot;none&quot;}\" data-widget_type=\"text-editor.default\">\n<div class=\"elementor-widget-container\">\n<div class=\"elementor-text-editor elementor-clearfix\">\n<p><strong>Le\u00a0Schorle\u00a0<\/strong>citron est l\u2019accord parfait du citron jaune sicilien et du citron vert br\u00e9silien relev\u00e9 d\u2019une pointe de gingembre et l\u00e9g\u00e8rement adouci avec du sucre naturel de raisin !\u00a0<b>Le Citron Fringant\u00a0<\/b>vous s\u00e9duira par sa fraicheur et son \u00e9l\u00e9gance en bouche. Chaque ingr\u00e9dient a \u00e9t\u00e9 dos\u00e9 avec la plus grande finesse et attention.<\/p>\n<\/div>\n<\/div>\n<\/div>\n<\/div>\n<\/div>\n<\/div>\n<div class=\"elementor-element elementor-element-7098308 elementor-widget elementor-widget-heading animated fadeIn\" data-id=\"7098308\" data-element_type=\"widget\" data-settings=\"{&quot;_animation&quot;:&quot;fadeIn&quot;}\" data-widget_type=\"heading.default\">\n<div class=\"elementor-widget-container\"><\/div>\n<\/div>\n<p>&nbsp;<\/p>\n<\/div>\n<\/div>\n<\/div>\n<\/div>\n<\/div>\n<\/div>\n","protected":false},"featured_media":950,"template":"","meta":{"_seopress_robots_primary_cat":"none","spay_email":""},"product_cat":[24,16],"product_tag":[],"_links":{"self":[{"href":"https:\/\/www.canaille.eu\/shop\/wp-json\/wp\/v2\/product\/958"}],"collection":[{"href":"https:\/\/www.canaille.eu\/shop\/wp-json\/wp\/v2\/product"}],"about":[{"href":"https:\/\/www.canaille.eu\/shop\/wp-json\/wp\/v2\/types\/product"}],"wp:featuredmedia":[{"embeddable":true,"href":"https:\/\/www.canaille.eu\/shop\/wp-json\/wp\/v2\/media\/950"}],"wp:attachment":[{"href":"https:\/\/www.canaille.eu\/shop\/wp-json\/wp\/v2\/media?parent=958"}],"wp:term":[{"taxonomy":"product_cat","embeddable":true,"href":"https:\/\/www.canaille.eu\/shop\/wp-json\/wp\/v2\/product_cat?post=958"},{"taxonomy":"product_tag","embeddable":true,"href":"https:\/\/www.canaille.eu\/shop\/wp-json\/wp\/v2\/product_tag?post=958"}],"curies":[{"name":"wp","href":"https:\/\/api.w.org\/{rel}","templated":true}]}}