{"id":951,"date":"2021-11-06T16:02:15","date_gmt":"2021-11-06T15:02:15","guid":{"rendered":"https:\/\/www.canaille.eu\/shop\/?post_type=product&#038;p=951"},"modified":"2022-10-22T09:16:10","modified_gmt":"2022-10-22T07:16:10","slug":"le-schorle-pomme-tonique","status":"publish","type":"product","link":"https:\/\/www.canaille.eu\/shop\/product\/le-schorle-pomme-tonique\/","title":{"rendered":"Le Schorle &#8211; Pomme Tonique &#8211; 33 cl."},"content":{"rendered":"<div class=\"elementor-element elementor-element-7098308 elementor-widget elementor-widget-heading animated fadeIn\" data-id=\"7098308\" data-element_type=\"widget\" data-settings=\"{&quot;_animation&quot;:&quot;fadeIn&quot;}\" data-widget_type=\"heading.default\">\n<div class=\"elementor-widget-container\">\n<h2 class=\"elementor-heading-title elementor-size-default\">Le Schorle des Filles de L\u2019Ouest<\/h2>\n<\/div>\n<\/div>\n<div class=\"elementor-element elementor-element-86c57bb elementor-widget elementor-widget-image\" data-id=\"86c57bb\" data-element_type=\"widget\" data-widget_type=\"image.default\">\n<div class=\"elementor-widget-container\">\n<div class=\"elementor-image\">Un m\u00e9lange subtil et gourmand de fruits et d\u2019eau\u00a0 \u00a0l\u00e9g\u00e8rement p\u00e9tillante ! Des boissons sans alcool, 100% naturel, sans ar\u00f4mes ni conservateurs. Chez les Filles de L\u2019Ouest, les fruits sont m\u00e9ticuleusement s\u00e9lectionn\u00e9s, on privil\u00e9gie les m\u00e9thodes de production artisanale et les fili\u00e8res courtes et bio.<\/div>\n<\/div>\n<\/div>\n<p>Le\u00a0<b>Schorle\u00a0<\/b>Pomme Tonique est \u00e9labor\u00e9 avec une seule vari\u00e9t\u00e9 de pommes bio,\u00a0<b>La Goldrush.\u00a0<\/b>D\u2019origine fran\u00e7aise, \u00e0 couteaux, elles sont toutes cueillies \u00e0 la main.\u00a0<b><\/b>Vous appr\u00e9ciez le go\u00fbt intense et l\u00e9g\u00e8rement poir\u00e9 du fruit<\/p>\n<div class=\"elementor-element elementor-element-7098308 elementor-widget elementor-widget-heading animated fadeIn\" data-id=\"7098308\" data-element_type=\"widget\" data-settings=\"{&quot;_animation&quot;:&quot;fadeIn&quot;}\" data-widget_type=\"heading.default\">\n<div class=\"elementor-widget-container\"><\/div>\n<\/div>\n<p>&nbsp;<\/p>\n","protected":false},"excerpt":{"rendered":"<div class=\"elementor-element elementor-element-7098308 elementor-widget elementor-widget-heading animated fadeIn\" data-id=\"7098308\" data-element_type=\"widget\" data-settings=\"{&quot;_animation&quot;:&quot;fadeIn&quot;}\" data-widget_type=\"heading.default\">\n<div class=\"elementor-widget-container\">\n<h2 class=\"elementor-heading-title elementor-size-default\">Le Schorle des Filles de L\u2019Ouest<\/h2>\n<\/div>\n<\/div>\n<div class=\"elementor-element elementor-element-86c57bb elementor-widget elementor-widget-image\" data-id=\"86c57bb\" data-element_type=\"widget\" data-widget_type=\"image.default\">\n<div class=\"elementor-widget-container\">\n<div class=\"elementor-image\">Un m\u00e9lange subtil et gourmand de fruits et d\u2019eau\u00a0 \u00a0l\u00e9g\u00e8rement p\u00e9tillante ! Des boissons sans alcool, 100% naturel, sans ar\u00f4mes ni conservateurs. Chez les Filles de L\u2019Ouest, les fruits sont m\u00e9ticuleusement s\u00e9lectionn\u00e9s, on privil\u00e9gie les m\u00e9thodes de production artisanale et les fili\u00e8res courtes et bio.<\/div>\n<\/div>\n<\/div>\n<p>Le\u00a0<b>Schorle\u00a0<\/b>Pomme Tonique est \u00e9labor\u00e9 avec une seule vari\u00e9t\u00e9 de pommes bio,\u00a0<b>La Goldrush.\u00a0<\/b>D\u2019origine fran\u00e7aise, \u00e0 couteaux, elles sont toutes cueillies \u00e0 la main.\u00a0<b><\/b>Vous appr\u00e9ciez le go\u00fbt intense et l\u00e9g\u00e8rement poir\u00e9 du fruit<\/p>\n<div class=\"elementor-element elementor-element-7098308 elementor-widget elementor-widget-heading animated fadeIn\" data-id=\"7098308\" data-element_type=\"widget\" data-settings=\"{&quot;_animation&quot;:&quot;fadeIn&quot;}\" data-widget_type=\"heading.default\">\n<div class=\"elementor-widget-container\"><\/div>\n<\/div>\n<p>&nbsp;<\/p>\n","protected":false},"featured_media":947,"template":"","meta":{"_seopress_robots_primary_cat":"none","spay_email":""},"product_cat":[24,16],"product_tag":[],"_links":{"self":[{"href":"https:\/\/www.canaille.eu\/shop\/wp-json\/wp\/v2\/product\/951"}],"collection":[{"href":"https:\/\/www.canaille.eu\/shop\/wp-json\/wp\/v2\/product"}],"about":[{"href":"https:\/\/www.canaille.eu\/shop\/wp-json\/wp\/v2\/types\/product"}],"wp:featuredmedia":[{"embeddable":true,"href":"https:\/\/www.canaille.eu\/shop\/wp-json\/wp\/v2\/media\/947"}],"wp:attachment":[{"href":"https:\/\/www.canaille.eu\/shop\/wp-json\/wp\/v2\/media?parent=951"}],"wp:term":[{"taxonomy":"product_cat","embeddable":true,"href":"https:\/\/www.canaille.eu\/shop\/wp-json\/wp\/v2\/product_cat?post=951"},{"taxonomy":"product_tag","embeddable":true,"href":"https:\/\/www.canaille.eu\/shop\/wp-json\/wp\/v2\/product_tag?post=951"}],"curies":[{"name":"wp","href":"https:\/\/api.w.org\/{rel}","templated":true}]}}