{"id":853,"date":"2021-08-11T14:09:33","date_gmt":"2021-08-11T12:09:33","guid":{"rendered":"https:\/\/www.canaille.eu\/shop\/?post_type=product&#038;p=853"},"modified":"2021-08-11T14:10:55","modified_gmt":"2021-08-11T12:10:55","slug":"ginger-beer-hysope-20-cl","status":"publish","type":"product","link":"https:\/\/www.canaille.eu\/shop\/product\/ginger-beer-hysope-20-cl\/","title":{"rendered":"Ginger Beer &#8211; Hysope (20 cl.)"},"content":{"rendered":"<p class=\"p1\"><b>Hysope est le fruit du savoir-faire Fran\u00e7ais, les ar\u00f4mes naturels sont produits par les meilleurs ar\u00f4maticiens du monde \u00e0 Grasse, capitale du parfum, l&#8217;embouteillage est r\u00e9alis\u00e9 au coeur de la Spirit Valley pr\u00e8s de Cognac.<\/b><\/p>\n<p>&nbsp;<\/p>\n<p class=\"p1\">Notre Ginger Beer est d\u00e9licieusement \u00e9pic\u00e9e et r\u00e9solument rafra\u00eechissante ! C\u2019est une petite bombe !<\/p>\n<p>Nos gingembres proviennent d\u2019Inde et du Nig\u00e9ria et ont \u00e9t\u00e9 soigneusement s\u00e9lectionn\u00e9s pour apporter une fra\u00eecheur en d\u00e9but de d\u00e9gustation et une touche piquante en fin de bouche.<\/p>\n<p>100 % naturelle notre Ginger Beer BIO peut se d\u00e9guster seule avec des gla\u00e7ons juste apr\u00e8s un plongeon ou en long drinks avec un Moscow Mule ou un Dark and Stormy dans une ambiance plus feutr\u00e9e !<\/p>\n<p class=\"p1\">\n","protected":false},"excerpt":{"rendered":"<p class=\"p1\"><b>Hysope est le fruit du savoir-faire Fran\u00e7ais, les ar\u00f4mes naturels sont produits par les meilleurs ar\u00f4maticiens du monde \u00e0 Grasse, capitale du parfum, l&#8217;embouteillage est r\u00e9alis\u00e9 au coeur de la Spirit Valley pr\u00e8s de Cognac.<\/b><\/p>\n<p>&nbsp;<\/p>\n<p class=\"p1\">Notre Ginger Beer est d\u00e9licieusement \u00e9pic\u00e9e et r\u00e9solument rafra\u00eechissante ! C\u2019est une petite bombe !<\/p>\n<p>Nos gingembres proviennent d\u2019Inde et du Nig\u00e9ria et ont \u00e9t\u00e9 soigneusement s\u00e9lectionn\u00e9s pour apporter une fra\u00eecheur en d\u00e9but de d\u00e9gustation et une touche piquante en fin de bouche.<\/p>\n<p>100 % naturelle notre Ginger Beer BIO peut se d\u00e9guster seule avec des gla\u00e7ons juste apr\u00e8s un plongeon ou en long drinks avec un Moscow Mule ou un Dark and Stormy dans une ambiance plus feutr\u00e9e !<\/p>\n<p class=\"p1\">\n","protected":false},"featured_media":845,"template":"","meta":{"_seopress_robots_primary_cat":"none","spay_email":""},"product_cat":[24,16],"product_tag":[],"_links":{"self":[{"href":"https:\/\/www.canaille.eu\/shop\/wp-json\/wp\/v2\/product\/853"}],"collection":[{"href":"https:\/\/www.canaille.eu\/shop\/wp-json\/wp\/v2\/product"}],"about":[{"href":"https:\/\/www.canaille.eu\/shop\/wp-json\/wp\/v2\/types\/product"}],"wp:featuredmedia":[{"embeddable":true,"href":"https:\/\/www.canaille.eu\/shop\/wp-json\/wp\/v2\/media\/845"}],"wp:attachment":[{"href":"https:\/\/www.canaille.eu\/shop\/wp-json\/wp\/v2\/media?parent=853"}],"wp:term":[{"taxonomy":"product_cat","embeddable":true,"href":"https:\/\/www.canaille.eu\/shop\/wp-json\/wp\/v2\/product_cat?post=853"},{"taxonomy":"product_tag","embeddable":true,"href":"https:\/\/www.canaille.eu\/shop\/wp-json\/wp\/v2\/product_tag?post=853"}],"curies":[{"name":"wp","href":"https:\/\/api.w.org\/{rel}","templated":true}]}}