{"id":847,"date":"2021-08-11T13:55:23","date_gmt":"2021-08-11T11:55:23","guid":{"rendered":"https:\/\/www.canaille.eu\/shop\/?post_type=product&#038;p=847"},"modified":"2022-05-23T20:06:14","modified_gmt":"2022-05-23T18:06:14","slug":"tonic-hysope-20-cl","status":"publish","type":"product","link":"https:\/\/www.canaille.eu\/shop\/product\/tonic-hysope-20-cl\/","title":{"rendered":"TONIC &#8211; Hysope (20 cl.)"},"content":{"rendered":"<p class=\"p1\"><b>Hysope est le fruit du savoir-faire Fran\u00e7ais, les ar\u00f4mes naturels sont produits par les meilleurs ar\u00f4maticiens du monde \u00e0 Grasse, capitale du parfum, l&#8217;embouteillage est r\u00e9alis\u00e9 au coeur de la Spirit Valley pr\u00e8s de Cognac.<\/p>\n<p><\/b><\/p>\n<p class=\"p1\">Notre Eau Tonique, \u00e9labor\u00e9e \u00e0 Grasse, r\u00e9v\u00e8le une amertume d\u2019une belle longueur, proche de celle produite par le quinquina et le d\u00e9licieux \u00e9quilibre entre la distillation de plantes et une sucrosit\u00e9 maitris\u00e9e.<\/p>\n<p>Notre \u201cFrench Tonic\u201d HYSOPE sublimera vos cocktails et accompagnera parfaitement vos Gin Tonic !<\/p>\n<p class=\"p1\"><b><\/b><\/p>\n","protected":false},"excerpt":{"rendered":"<p class=\"p1\"><b>Hysope est le fruit du savoir-faire Fran\u00e7ais, les ar\u00f4mes naturels sont produits par les meilleurs ar\u00f4maticiens du monde \u00e0 Grasse, capitale du parfum, l&#8217;embouteillage est r\u00e9alis\u00e9 au coeur de la Spirit Valley pr\u00e8s de Cognac.<\/p>\n<p><\/b><\/p>\n<p class=\"p1\">Notre Eau Tonique, \u00e9labor\u00e9e \u00e0 Grasse, r\u00e9v\u00e8le une amertume d\u2019une belle longueur, proche de celle produite par le quinquina et le d\u00e9licieux \u00e9quilibre entre la distillation de plantes et une sucrosit\u00e9 maitris\u00e9e.<\/p>\n<p>Notre \u201cFrench Tonic\u201d HYSOPE sublimera vos cocktails et accompagnera parfaitement vos Gin Tonic !<\/p>\n<p class=\"p1\"><b><\/b><\/p>\n","protected":false},"featured_media":842,"template":"","meta":{"_seopress_robots_primary_cat":"none","spay_email":""},"product_cat":[24,16],"product_tag":[],"_links":{"self":[{"href":"https:\/\/www.canaille.eu\/shop\/wp-json\/wp\/v2\/product\/847"}],"collection":[{"href":"https:\/\/www.canaille.eu\/shop\/wp-json\/wp\/v2\/product"}],"about":[{"href":"https:\/\/www.canaille.eu\/shop\/wp-json\/wp\/v2\/types\/product"}],"wp:featuredmedia":[{"embeddable":true,"href":"https:\/\/www.canaille.eu\/shop\/wp-json\/wp\/v2\/media\/842"}],"wp:attachment":[{"href":"https:\/\/www.canaille.eu\/shop\/wp-json\/wp\/v2\/media?parent=847"}],"wp:term":[{"taxonomy":"product_cat","embeddable":true,"href":"https:\/\/www.canaille.eu\/shop\/wp-json\/wp\/v2\/product_cat?post=847"},{"taxonomy":"product_tag","embeddable":true,"href":"https:\/\/www.canaille.eu\/shop\/wp-json\/wp\/v2\/product_tag?post=847"}],"curies":[{"name":"wp","href":"https:\/\/api.w.org\/{rel}","templated":true}]}}