{"id":839,"date":"2021-08-11T13:32:15","date_gmt":"2021-08-11T11:32:15","guid":{"rendered":"https:\/\/www.canaille.eu\/shop\/?post_type=product&#038;p=839"},"modified":"2022-11-08T10:18:55","modified_gmt":"2022-11-08T09:18:55","slug":"gimber-70-cl","status":"publish","type":"product","link":"https:\/\/www.canaille.eu\/shop\/product\/gimber-70-cl\/","title":{"rendered":"Gimber (70 cl.)"},"content":{"rendered":"<p><strong>GIMBER est l\u2019alternative biologique \u00e0 toute boisson alcoolis\u00e9e. <\/strong><\/p>\n<p>Ce concentr\u00e9 regorge de plus de 38% de gingembre bio de qualit\u00e9, de citron, d\u2019herbes et d&#8217;\u00e9pices naturelles qui surprendront vos papilles. Dimitri Oosterlynck a cr\u00e9\u00e9 GIMBER fin 2017, apr\u00e8s avoir d\u00e9sesp\u00e9r\u00e9ment cherch\u00e9 une boisson non alcoolis\u00e9e de caract\u00e8re. N\u2019en trouvant aucune, il a d\u00e9cid\u00e9 de la cr\u00e9er, en testant toutes sortes de combinaisons et d&#8217;ingr\u00e9dients. Jusqu\u2019au jour o\u00f9, en novembre 2017, tous ces ingr\u00e9dients se sont mari\u00e9s dans une concoction miraculeusement satisfaisante.<\/p>\n<p><strong data-v-0cebc568=\"\">Description<\/strong><\/p>\n<div data-v-0cebc568=\"\">\n<p class=\"description__description\" data-v-0cebc568=\"\">CONCENTR\u00c9 BIOLOGIQUE DE GINGEMBRE,<br \/>\nDE CITRON, D&#8217;HERBES ET D&#8217;\u00c9PICES<\/p>\n<p>Bien agiter avant emploi<\/p>\n<\/div>\n<div class=\"description\" data-v-0cebc568=\"\">\n<p><strong data-v-0cebc568=\"\">Contenance<\/strong><\/p>\n<p class=\"description__description\" data-v-0cebc568=\"\">700 ml<\/p>\n<\/div>\n<div class=\"description\" data-v-0cebc568=\"\">\n<p><strong data-v-0cebc568=\"\">Ingr\u00e9dients<\/strong><\/p>\n<p class=\"description__description\" data-v-0cebc568=\"\">&gt; 38% gingembre<br \/>\nCitron<br \/>\nHerbes<br \/>\nEau<br \/>\nSucres de cannes<br \/>\nTout est biologique<\/p>\n<\/div>\n","protected":false},"excerpt":{"rendered":"<p><strong>GIMBER est l\u2019alternative biologique \u00e0 toute boisson alcoolis\u00e9e. <\/strong><\/p>\n<p>Ce concentr\u00e9 regorge de plus de 38% de gingembre bio de qualit\u00e9, de citron, d\u2019herbes et d\u2019\u00e9pices naturelles qui surprendront vos papilles. Dimitri Oosterlynck a cr\u00e9\u00e9 GIMBER fin 2017, apr\u00e8s avoir d\u00e9sesp\u00e9r\u00e9ment cherch\u00e9 une boisson non alcoolis\u00e9e de caract\u00e8re. N\u2019en trouvant aucune, il a d\u00e9cid\u00e9 de la cr\u00e9er, en testant toutes sortes de combinaisons et d\u2019ingr\u00e9dients. Jusqu\u2019au jour o\u00f9, en novembre 2017, tous ces ingr\u00e9dients se sont mari\u00e9s dans une concoction miraculeusement satisfaisante.<\/p>\n<p><strong data-v-0cebc568=\"\">Description<\/strong><\/p>\n<div data-v-0cebc568=\"\">\n<p class=\"description__description\" data-v-0cebc568=\"\">CONCENTR\u00c9 BIOLOGIQUE DE GINGEMBRE,<br \/>\nDE CITRON, D\u2019HERBES ET D\u2019\u00c9PICES<\/p>\n<p>Bien agiter avant emploi<\/p>\n<\/div>\n<div class=\"description\" data-v-0cebc568=\"\">\n<p><strong data-v-0cebc568=\"\">Dimensions<\/strong><\/p>\n<p class=\"description__description\" data-v-0cebc568=\"\">19,2 x 7,2 x 7,2 cm<\/p>\n<\/div>\n<div class=\"description\" data-v-0cebc568=\"\">\n<p><strong data-v-0cebc568=\"\">Poids net<\/strong><\/p>\n<p class=\"description__description\" data-v-0cebc568=\"\">0,50 kg<\/p>\n<\/div>\n<div class=\"description\" data-v-0cebc568=\"\">\n<p><strong data-v-0cebc568=\"\">Contenance<\/strong><\/p>\n<p class=\"description__description\" data-v-0cebc568=\"\">700 ml<\/p>\n<\/div>\n<div class=\"description\" data-v-0cebc568=\"\">\n<p><strong data-v-0cebc568=\"\">Ingr\u00e9dients<\/strong><\/p>\n<p class=\"description__description\" data-v-0cebc568=\"\">&gt; 38% gingembre<br \/>\nCitron<br \/>\nHerbes<br \/>\nEau<br \/>\nSucres de cannes<br \/>\nTout est biologique<\/p>\n<\/div>\n","protected":false},"featured_media":840,"template":"","meta":{"_seopress_robots_primary_cat":"none","spay_email":""},"product_cat":[24,16],"product_tag":[],"_links":{"self":[{"href":"https:\/\/www.canaille.eu\/shop\/wp-json\/wp\/v2\/product\/839"}],"collection":[{"href":"https:\/\/www.canaille.eu\/shop\/wp-json\/wp\/v2\/product"}],"about":[{"href":"https:\/\/www.canaille.eu\/shop\/wp-json\/wp\/v2\/types\/product"}],"wp:featuredmedia":[{"embeddable":true,"href":"https:\/\/www.canaille.eu\/shop\/wp-json\/wp\/v2\/media\/840"}],"wp:attachment":[{"href":"https:\/\/www.canaille.eu\/shop\/wp-json\/wp\/v2\/media?parent=839"}],"wp:term":[{"taxonomy":"product_cat","embeddable":true,"href":"https:\/\/www.canaille.eu\/shop\/wp-json\/wp\/v2\/product_cat?post=839"},{"taxonomy":"product_tag","embeddable":true,"href":"https:\/\/www.canaille.eu\/shop\/wp-json\/wp\/v2\/product_tag?post=839"}],"curies":[{"name":"wp","href":"https:\/\/api.w.org\/{rel}","templated":true}]}}