{"id":228,"date":"2021-02-10T15:27:27","date_gmt":"2021-02-10T14:27:27","guid":{"rendered":"https:\/\/www.canaille.eu\/shop\/?post_type=product&#038;p=228"},"modified":"2021-02-10T15:32:21","modified_gmt":"2021-02-10T14:32:21","slug":"seconde-nature-rose-champagne-bonnet-ponson","status":"publish","type":"product","link":"https:\/\/www.canaille.eu\/shop\/product\/seconde-nature-rose-champagne-bonnet-ponson\/","title":{"rendered":"Seconde Nature Ros\u00e9 &#8211; Champagne &#8211; Bonnet Ponson"},"content":{"rendered":"<div class=\"wpb_text_column wpb_content_element \">\n<div class=\"wpb_wrapper\">\n<p>R\u00e9colte 2017, mac\u00e9ration courte de pinot noir, sans soufre ajout\u00e9<\/p>\n<p>Enti\u00e8rement vinifi\u00e9 sans sulfites, cette cuv\u00e9e certifi\u00e9e biologique respecte la terre et permet une belle expression du terroir. La qualit\u00e9 des raisins \u00e9quilibre les saveurs et n\u2019a n\u00e9cessit\u00e9 d\u2019aucun dosage au d\u00e9gorgement.<\/p>\n<p class=\"p1\"><strong>Vinification\/\u00e9levage:<\/strong><\/p>\n<ul>\n<li>Enti\u00e8rement vinifi\u00e9 sans sulfites, pas de collage ni de filtration.<\/li>\n<li>Premi\u00e8re fermentation r\u00e9alis\u00e9e en barriques usag\u00e9es (228 et 400 L) en levures indig\u00e8nes (pied de cuve r\u00e9alis\u00e9 \u00e0 partir des vignes du domaine)<\/li>\n<li>Elevage sur lies fines de 9 mois avant mise en bouteille.<\/li>\n<\/ul>\n<p class=\"p1\"><strong>Dosage<\/strong>:<\/p>\n<ul>\n<li class=\"p1\">Dosage: 0 g\/l<\/li>\n<\/ul>\n<\/div>\n<\/div>\n","protected":false},"excerpt":{"rendered":"<p>R\u00e9colte 2017, mac\u00e9ration courte de pinot noir, sans soufre ajout\u00e9<\/p>\n<p>Enti\u00e8rement vinifi\u00e9 sans sulfites, cette cuv\u00e9e certifi\u00e9e biologique respecte la terre et permet une belle expression du terroir. La qualit\u00e9 des raisins \u00e9quilibre les saveurs et n\u2019a n\u00e9cessit\u00e9 d\u2019aucun dosage au d\u00e9gorgement.<\/p>\n<p class=\"p1\"><strong>Vinification\/\u00e9levage:<\/strong><\/p>\n<ul>\n<li>Enti\u00e8rement vinifi\u00e9 sans sulfites, pas de collage ni de filtration.<\/li>\n<li>Premi\u00e8re fermentation r\u00e9alis\u00e9e en barriques usag\u00e9es (228 et 400 L) en levures indig\u00e8nes (pied de cuve r\u00e9alis\u00e9 \u00e0 partir des vignes du domaine)<\/li>\n<li>Elevage sur lies fines de 9 mois avant mise en bouteille.<\/li>\n<\/ul>\n<p class=\"p1\"><strong>Dosage<\/strong>:<\/p>\n<ul>\n<li class=\"p1\">Dosage: 0 g\/l<\/li>\n<\/ul>\n","protected":false},"featured_media":224,"template":"","meta":{"_seopress_robots_primary_cat":"","spay_email":""},"product_cat":[20,22,16],"product_tag":[],"_links":{"self":[{"href":"https:\/\/www.canaille.eu\/shop\/wp-json\/wp\/v2\/product\/228"}],"collection":[{"href":"https:\/\/www.canaille.eu\/shop\/wp-json\/wp\/v2\/product"}],"about":[{"href":"https:\/\/www.canaille.eu\/shop\/wp-json\/wp\/v2\/types\/product"}],"wp:featuredmedia":[{"embeddable":true,"href":"https:\/\/www.canaille.eu\/shop\/wp-json\/wp\/v2\/media\/224"}],"wp:attachment":[{"href":"https:\/\/www.canaille.eu\/shop\/wp-json\/wp\/v2\/media?parent=228"}],"wp:term":[{"taxonomy":"product_cat","embeddable":true,"href":"https:\/\/www.canaille.eu\/shop\/wp-json\/wp\/v2\/product_cat?post=228"},{"taxonomy":"product_tag","embeddable":true,"href":"https:\/\/www.canaille.eu\/shop\/wp-json\/wp\/v2\/product_tag?post=228"}],"curies":[{"name":"wp","href":"https:\/\/api.w.org\/{rel}","templated":true}]}}