{"id":222,"date":"2021-02-09T16:16:46","date_gmt":"2021-02-09T15:16:46","guid":{"rendered":"https:\/\/www.canaille.eu\/shop\/?post_type=product&#038;p=222"},"modified":"2022-05-20T12:34:57","modified_gmt":"2022-05-20T10:34:57","slug":"cremant-extra-brut-kumpf-meyer","status":"publish","type":"product","link":"https:\/\/www.canaille.eu\/shop\/product\/cremant-extra-brut-kumpf-meyer\/","title":{"rendered":"Cr\u00e9mant extra-brut &#8211; Kumpf &#038; Meyer"},"content":{"rendered":"<p class=\"\"><em>Le Cr\u00e9mant est un exercice d\u2019\u00e9quilibriste.<\/em><br \/>\nSubtil alchimie entre fraicheur, profonde maturit\u00e9 et temps. De ce fait les cr\u00e9mants Kumpf est Meyer de sont pas \u00ab dos\u00e9s \u00bb (pas d\u2019ajout de liqueur au d\u00e9gorgement).<\/p>\n<p><strong><span class=\"meta-description\">C\u00c9PAGE<\/span><\/strong><br \/>\nPinot Auxerrois (Reispfad), Chardonnay (Frohnberg)<\/p>\n<p><strong><span class=\"meta-description\">TERRE<\/span><\/strong><br \/>\nArgilo Calcaire de Rosheim<\/p>\n<p><strong><span class=\"meta-description\">VINIFICATION<\/span><\/strong><br \/>\nS\u00e9lection parcellaire ainsi que des jus au pressoir. Fermentation en levures indig\u00e8nes, \u00e9levage d\u2019un an cuve inox. Malo faite. Sans sulfites ajout\u00e9es et non filtr\u00e9. Puis \u00e9levage sur lattes d\u2019au minimum 18 mois. Il est non dos\u00e9.<\/p>\n","protected":false},"excerpt":{"rendered":"<p class=\"\"><em>Le Cr\u00e9mant est un exercice d\u2019\u00e9quilibriste.<\/em><br \/>\nSubtil alchimie entre fraicheur, profonde maturit\u00e9 et temps. De ce fait les cr\u00e9mants Kumpf est Meyer de sont pas \u00ab dos\u00e9s \u00bb (pas d\u2019ajout de liqueur au d\u00e9gorgement).<\/p>\n<p><strong><span class=\"meta-description\">C\u00c9PAGE<\/span><\/strong><br \/>\nPinot Auxerrois (Reispfad), Chardonnay (Frohnberg)<\/p>\n<p><strong><span class=\"meta-description\">TERRE<\/span><\/strong><br \/>\nArgilo Calcaire de Rosheim<\/p>\n<p><strong><span class=\"meta-description\">VINIFICATION<\/span><\/strong><br \/>\nS\u00e9lection parcellaire ainsi que des jus au pressoir. Fermentation en levures indig\u00e8nes, \u00e9levage d\u2019un an cuve inox. Malo faite. Sans sulfites ajout\u00e9es et non filtr\u00e9. Puis \u00e9levage sur lattes d\u2019au minimum 18 mois. Il est non dos\u00e9.<\/p>\n","protected":false},"featured_media":223,"template":"","meta":{"_seopress_robots_primary_cat":"none","spay_email":""},"product_cat":[27,20,21,78,16],"product_tag":[],"_links":{"self":[{"href":"https:\/\/www.canaille.eu\/shop\/wp-json\/wp\/v2\/product\/222"}],"collection":[{"href":"https:\/\/www.canaille.eu\/shop\/wp-json\/wp\/v2\/product"}],"about":[{"href":"https:\/\/www.canaille.eu\/shop\/wp-json\/wp\/v2\/types\/product"}],"wp:featuredmedia":[{"embeddable":true,"href":"https:\/\/www.canaille.eu\/shop\/wp-json\/wp\/v2\/media\/223"}],"wp:attachment":[{"href":"https:\/\/www.canaille.eu\/shop\/wp-json\/wp\/v2\/media?parent=222"}],"wp:term":[{"taxonomy":"product_cat","embeddable":true,"href":"https:\/\/www.canaille.eu\/shop\/wp-json\/wp\/v2\/product_cat?post=222"},{"taxonomy":"product_tag","embeddable":true,"href":"https:\/\/www.canaille.eu\/shop\/wp-json\/wp\/v2\/product_tag?post=222"}],"curies":[{"name":"wp","href":"https:\/\/api.w.org\/{rel}","templated":true}]}}