{"id":1048,"date":"2022-05-23T17:14:08","date_gmt":"2022-05-23T15:14:08","guid":{"rendered":"https:\/\/www.canaille.eu\/shop\/?post_type=product&#038;p=1048"},"modified":"2022-06-14T09:39:27","modified_gmt":"2022-06-14T07:39:27","slug":"pilul-brasserie-de-clemery-50-cl","status":"publish","type":"product","link":"https:\/\/www.canaille.eu\/shop\/product\/pilul-brasserie-de-clemery-50-cl\/","title":{"rendered":"Pilul &#8211; Brasserie de Clemery &#8211; 50 cl."},"content":{"rendered":"<h3>LAGER<\/h3>\n<p><strong>5% ALC. &#8211; 30 IBU &#8211; 6 EBC<\/strong><\/p>\n<p><strong>COULEUR : <em>Paille<br \/>\n<\/em><\/strong><strong>CORPS : <em>Sec<br \/>\n<\/em><\/strong><strong>SAVEUR : <em>\u00c9pic\u00e9e<br \/>\n<\/em><\/strong><strong>AMERTUME : <em>Nette<\/em><\/strong><\/p>\n<p><strong>\u00a0<\/strong><\/p>\n<p class=\"\">Bi\u00e8re de type lager, la Pilul b\u00e9n\u00e9ficie d\u2019une longue p\u00e9riode de maturation au froid qui lui conf\u00e8re sa finesse et sa l\u00e9g\u00e8ret\u00e9. Les houblons allemand Hallertau Mittelfr\u00fch et tch\u00e8que Saaz lui conf\u00e8rent ses ar\u00f4mes d\u00e9licats.<\/p>\n<p class=\"\">Une vraie bi\u00e8re de soif de qualit\u00e9 !<\/p>\n","protected":false},"excerpt":{"rendered":"<p class=\"\">Bi\u00e8re de type lager, la Pilul b\u00e9n\u00e9ficie d\u2019une longue p\u00e9riode de maturation au froid qui lui conf\u00e8re sa finesse et sa l\u00e9g\u00e8ret\u00e9. Les houblons allemand Hallertau Mittelfr\u00fch et tch\u00e8que Saaz lui conf\u00e8rent ses ar\u00f4mes d\u00e9licats.<\/p>\n<p class=\"\">Une vraie bi\u00e8re de soif de qualit\u00e9 !<\/p>\n<p>xprimer avec force, relev\u00e9es par des notes agrum\u00e9es.<\/p>\n","protected":false},"featured_media":1001,"template":"","meta":{"_seopress_robots_primary_cat":"none","spay_email":""},"product_cat":[23,20,97,30,94,16],"product_tag":[],"_links":{"self":[{"href":"https:\/\/www.canaille.eu\/shop\/wp-json\/wp\/v2\/product\/1048"}],"collection":[{"href":"https:\/\/www.canaille.eu\/shop\/wp-json\/wp\/v2\/product"}],"about":[{"href":"https:\/\/www.canaille.eu\/shop\/wp-json\/wp\/v2\/types\/product"}],"wp:featuredmedia":[{"embeddable":true,"href":"https:\/\/www.canaille.eu\/shop\/wp-json\/wp\/v2\/media\/1001"}],"wp:attachment":[{"href":"https:\/\/www.canaille.eu\/shop\/wp-json\/wp\/v2\/media?parent=1048"}],"wp:term":[{"taxonomy":"product_cat","embeddable":true,"href":"https:\/\/www.canaille.eu\/shop\/wp-json\/wp\/v2\/product_cat?post=1048"},{"taxonomy":"product_tag","embeddable":true,"href":"https:\/\/www.canaille.eu\/shop\/wp-json\/wp\/v2\/product_tag?post=1048"}],"curies":[{"name":"wp","href":"https:\/\/api.w.org\/{rel}","templated":true}]}}